{"id":151,"date":"2022-03-16T05:39:00","date_gmt":"2022-03-16T05:39:00","guid":{"rendered":"https:\/\/uipba.org.ar\/?page_id=151"},"modified":"2025-10-08T12:21:42","modified_gmt":"2025-10-08T15:21:42","slug":"departamentos","status":"publish","type":"page","link":"https:\/\/uipba.org.ar\/raiz\/departamentos\/","title":{"rendered":"Departamentos"},"content":{"rendered":"\t\t<div data-elementor-type=\"wp-page\" data-elementor-id=\"151\" class=\"elementor elementor-151\">\n\t\t\t\t\t\t\t\t\t<section class=\"elementor-section elementor-top-section elementor-element elementor-element-58d2206 elementor-section-boxed elementor-section-height-default elementor-section-height-default\" data-id=\"58d2206\" data-element_type=\"section\" data-settings=\"{&quot;jet_parallax_layout_list&quot;:[],&quot;background_background&quot;:&quot;classic&quot;}\">\n\t\t\t\t\t\t<div class=\"elementor-container elementor-column-gap-default\">\n\t\t\t\t\t<div class=\"elementor-column elementor-col-100 elementor-top-column elementor-element elementor-element-ec96319\" data-id=\"ec96319\" data-element_type=\"column\">\n\t\t\t<div class=\"elementor-widget-wrap elementor-element-populated\">\n\t\t\t\t\t\t\t\t<div class=\"elementor-element elementor-element-d9bb5ad elementor-widget elementor-widget-heading\" data-id=\"d9bb5ad\" data-element_type=\"widget\" data-widget_type=\"heading.default\">\n\t\t\t\t<div class=\"elementor-widget-container\">\n\t\t\t<style>\/*! elementor - v3.11.5 - 14-03-2023 *\/\n.elementor-heading-title{padding:0;margin:0;line-height:1}.elementor-widget-heading .elementor-heading-title[class*=elementor-size-]>a{color:inherit;font-size:inherit;line-height:inherit}.elementor-widget-heading .elementor-heading-title.elementor-size-small{font-size:15px}.elementor-widget-heading .elementor-heading-title.elementor-size-medium{font-size:19px}.elementor-widget-heading .elementor-heading-title.elementor-size-large{font-size:29px}.elementor-widget-heading .elementor-heading-title.elementor-size-xl{font-size:39px}.elementor-widget-heading .elementor-heading-title.elementor-size-xxl{font-size:59px}<\/style><h2 class=\"elementor-heading-title elementor-size-default\">Departamentos t\u00e9cnicos<\/h2>\t\t<\/div>\n\t\t\t\t<\/div>\n\t\t\t\t\t<\/div>\n\t\t<\/div>\n\t\t\t\t\t\t\t<\/div>\n\t\t<\/section>\n\t\t\t\t<section class=\"elementor-section elementor-top-section elementor-element elementor-element-24f070e elementor-section-full_width elementor-section-height-default elementor-section-height-default\" data-id=\"24f070e\" data-element_type=\"section\" data-settings=\"{&quot;jet_parallax_layout_list&quot;:[]}\">\n\t\t\t\t\t\t<div class=\"elementor-container elementor-column-gap-no\">\n\t\t\t\t\t<div class=\"elementor-column elementor-col-100 elementor-top-column elementor-element elementor-element-580649e\" data-id=\"580649e\" data-element_type=\"column\">\n\t\t\t<div class=\"elementor-widget-wrap elementor-element-populated\">\n\t\t\t\t\t\t\t\t<section class=\"elementor-section elementor-inner-section elementor-element elementor-element-df3fb0a elementor-section-boxed elementor-section-height-default elementor-section-height-default\" data-id=\"df3fb0a\" data-element_type=\"section\" data-settings=\"{&quot;jet_parallax_layout_list&quot;:[]}\">\n\t\t\t\t\t\t<div class=\"elementor-container elementor-column-gap-default\">\n\t\t\t\t\t<div class=\"elementor-column elementor-col-25 elementor-inner-column elementor-element elementor-element-c32f36f\" data-id=\"c32f36f\" data-element_type=\"column\">\n\t\t\t<div class=\"elementor-widget-wrap elementor-element-populated\">\n\t\t\t\t\t\t\t\t<div class=\"elementor-element elementor-element-81d8193 elementor-position-top elementor-vertical-align-top elementor-widget elementor-widget-image-box\" data-id=\"81d8193\" data-element_type=\"widget\" data-widget_type=\"image-box.default\">\n\t\t\t\t<div class=\"elementor-widget-container\">\n\t\t\t<style>\/*! elementor - v3.11.5 - 14-03-2023 *\/\n.elementor-widget-image-box .elementor-image-box-content{width:100%}@media (min-width:768px){.elementor-widget-image-box.elementor-position-left .elementor-image-box-wrapper,.elementor-widget-image-box.elementor-position-right .elementor-image-box-wrapper{display:flex}.elementor-widget-image-box.elementor-position-right .elementor-image-box-wrapper{text-align:right;flex-direction:row-reverse}.elementor-widget-image-box.elementor-position-left .elementor-image-box-wrapper{text-align:left;flex-direction:row}.elementor-widget-image-box.elementor-position-top .elementor-image-box-img{margin:auto}.elementor-widget-image-box.elementor-vertical-align-top .elementor-image-box-wrapper{align-items:flex-start}.elementor-widget-image-box.elementor-vertical-align-middle .elementor-image-box-wrapper{align-items:center}.elementor-widget-image-box.elementor-vertical-align-bottom .elementor-image-box-wrapper{align-items:flex-end}}@media (max-width:767px){.elementor-widget-image-box .elementor-image-box-img{margin-left:auto!important;margin-right:auto!important;margin-bottom:15px}}.elementor-widget-image-box .elementor-image-box-img{display:inline-block}.elementor-widget-image-box .elementor-image-box-title a{color:inherit}.elementor-widget-image-box .elementor-image-box-wrapper{text-align:center}.elementor-widget-image-box .elementor-image-box-description{margin:0}<\/style><div class=\"elementor-image-box-wrapper\"><figure class=\"elementor-image-box-img\"><a href=\"https:\/\/uipba.org.ar\/raiz\/infraestructura-y-parques-industriales\/\"><img loading=\"lazy\" decoding=\"async\" width=\"58\" height=\"49\" src=\"https:\/\/uipba.org.ar\/raiz\/wp-content\/uploads\/2022\/03\/infraestructura-y-parques-indus.png\" class=\"attachment-full size-full wp-image-81\" alt=\"\" \/><\/a><\/figure><div class=\"elementor-image-box-content\"><h3 class=\"elementor-image-box-title\"><a href=\"https:\/\/uipba.org.ar\/raiz\/infraestructura-y-parques-industriales\/\">Infraestructura y<br> parques industriales<\/a><\/h3><\/div><\/div>\t\t<\/div>\n\t\t\t\t<\/div>\n\t\t\t\t\t<\/div>\n\t\t<\/div>\n\t\t\t\t<div class=\"elementor-column elementor-col-25 elementor-inner-column elementor-element elementor-element-84c7ad8\" data-id=\"84c7ad8\" data-element_type=\"column\">\n\t\t\t<div class=\"elementor-widget-wrap elementor-element-populated\">\n\t\t\t\t\t\t\t\t<div class=\"elementor-element elementor-element-d3cff7a elementor-position-top elementor-vertical-align-top elementor-widget elementor-widget-image-box\" data-id=\"d3cff7a\" data-element_type=\"widget\" data-widget_type=\"image-box.default\">\n\t\t\t\t<div class=\"elementor-widget-container\">\n\t\t\t<div class=\"elementor-image-box-wrapper\"><figure class=\"elementor-image-box-img\"><a href=\"https:\/\/uipba.org.ar\/raiz\/mujeres-empresariales\/\"><img loading=\"lazy\" decoding=\"async\" width=\"54\" height=\"47\" src=\"https:\/\/uipba.org.ar\/raiz\/wp-content\/uploads\/2022\/03\/mujeres-empresariales.png\" class=\"attachment-full size-full wp-image-82\" alt=\"\" \/><\/a><\/figure><div class=\"elementor-image-box-content\"><h3 class=\"elementor-image-box-title\"><a href=\"https:\/\/uipba.org.ar\/raiz\/mujeres-empresariales\/\">Mujeres<br>Empresarias<\/a><\/h3><\/div><\/div>\t\t<\/div>\n\t\t\t\t<\/div>\n\t\t\t\t\t<\/div>\n\t\t<\/div>\n\t\t\t\t<div class=\"elementor-column elementor-col-25 elementor-inner-column elementor-element elementor-element-9366c98\" data-id=\"9366c98\" data-element_type=\"column\">\n\t\t\t<div class=\"elementor-widget-wrap elementor-element-populated\">\n\t\t\t\t\t\t\t\t<div class=\"elementor-element elementor-element-816aeb8 elementor-position-top elementor-vertical-align-top elementor-widget elementor-widget-image-box\" data-id=\"816aeb8\" data-element_type=\"widget\" data-widget_type=\"image-box.default\">\n\t\t\t\t<div class=\"elementor-widget-container\">\n\t\t\t<div class=\"elementor-image-box-wrapper\"><figure class=\"elementor-image-box-img\"><a href=\"https:\/\/uipba.org.ar\/raiz\/comercio-exterior\/\"><img loading=\"lazy\" decoding=\"async\" width=\"50\" height=\"49\" src=\"https:\/\/uipba.org.ar\/raiz\/wp-content\/uploads\/2022\/03\/comercio-exterior.png\" class=\"attachment-full size-full wp-image-83\" alt=\"\" \/><\/a><\/figure><div class=\"elementor-image-box-content\"><h3 class=\"elementor-image-box-title\"><a href=\"https:\/\/uipba.org.ar\/raiz\/comercio-exterior\/\">Comercio Exterior<\/a><\/h3><\/div><\/div>\t\t<\/div>\n\t\t\t\t<\/div>\n\t\t\t\t\t<\/div>\n\t\t<\/div>\n\t\t\t\t<div class=\"elementor-column elementor-col-25 elementor-inner-column elementor-element elementor-element-79b5f0d\" data-id=\"79b5f0d\" data-element_type=\"column\">\n\t\t\t<div class=\"elementor-widget-wrap elementor-element-populated\">\n\t\t\t\t\t\t\t\t<div class=\"elementor-element elementor-element-d40e3e5 elementor-position-top elementor-vertical-align-top elementor-widget elementor-widget-image-box\" data-id=\"d40e3e5\" data-element_type=\"widget\" data-widget_type=\"image-box.default\">\n\t\t\t\t<div class=\"elementor-widget-container\">\n\t\t\t<div class=\"elementor-image-box-wrapper\"><figure class=\"elementor-image-box-img\"><a href=\"https:\/\/uipba.org.ar\/raiz\/legislacion-y-politica-productiva\/\"><img loading=\"lazy\" decoding=\"async\" width=\"54\" height=\"53\" src=\"https:\/\/uipba.org.ar\/raiz\/wp-content\/uploads\/2022\/03\/legislacion-y-politica-prod.png\" class=\"attachment-full size-full wp-image-84\" alt=\"\" \/><\/a><\/figure><div class=\"elementor-image-box-content\"><h3 class=\"elementor-image-box-title\"><a href=\"https:\/\/uipba.org.ar\/raiz\/legislacion-y-politica-productiva\/\">Legislaci\u00f3n y<br> pol\u00edtica productiva<\/a><\/h3><\/div><\/div>\t\t<\/div>\n\t\t\t\t<\/div>\n\t\t\t\t\t<\/div>\n\t\t<\/div>\n\t\t\t\t\t\t\t<\/div>\n\t\t<\/section>\n\t\t\t\t<section class=\"elementor-section elementor-inner-section elementor-element elementor-element-fb8ec4a elementor-section-boxed elementor-section-height-default elementor-section-height-default\" data-id=\"fb8ec4a\" data-element_type=\"section\" data-settings=\"{&quot;jet_parallax_layout_list&quot;:[]}\">\n\t\t\t\t\t\t<div class=\"elementor-container elementor-column-gap-default\">\n\t\t\t\t\t<div class=\"elementor-column elementor-col-25 elementor-inner-column elementor-element elementor-element-503132f\" data-id=\"503132f\" data-element_type=\"column\">\n\t\t\t<div class=\"elementor-widget-wrap elementor-element-populated\">\n\t\t\t\t\t\t\t\t<div class=\"elementor-element elementor-element-cd9660c elementor-position-top elementor-vertical-align-top elementor-widget elementor-widget-image-box\" data-id=\"cd9660c\" data-element_type=\"widget\" data-widget_type=\"image-box.default\">\n\t\t\t\t<div class=\"elementor-widget-container\">\n\t\t\t<div class=\"elementor-image-box-wrapper\"><figure class=\"elementor-image-box-img\"><a href=\"https:\/\/uipba.org.ar\/raiz\/politica-tributaria\/\"><img loading=\"lazy\" decoding=\"async\" width=\"52\" height=\"53\" src=\"https:\/\/uipba.org.ar\/raiz\/wp-content\/uploads\/2022\/03\/politica-tributaria.png\" class=\"attachment-full size-full wp-image-85\" alt=\"\" \/><\/a><\/figure><div class=\"elementor-image-box-content\"><h3 class=\"elementor-image-box-title\"><a href=\"https:\/\/uipba.org.ar\/raiz\/politica-tributaria\/\">Pol\u00edtica tributaria<\/a><\/h3><\/div><\/div>\t\t<\/div>\n\t\t\t\t<\/div>\n\t\t\t\t\t<\/div>\n\t\t<\/div>\n\t\t\t\t<div class=\"elementor-column elementor-col-25 elementor-inner-column elementor-element elementor-element-d3aa389\" data-id=\"d3aa389\" data-element_type=\"column\">\n\t\t\t<div class=\"elementor-widget-wrap elementor-element-populated\">\n\t\t\t\t\t\t\t\t<div class=\"elementor-element elementor-element-f60569d elementor-position-top elementor-vertical-align-top elementor-widget elementor-widget-image-box\" data-id=\"f60569d\" data-element_type=\"widget\" data-widget_type=\"image-box.default\">\n\t\t\t\t<div class=\"elementor-widget-container\">\n\t\t\t<div class=\"elementor-image-box-wrapper\"><figure class=\"elementor-image-box-img\"><a href=\"https:\/\/uipba.org.ar\/raiz\/jovenes-y-desarrollo-territorial\/\"><img loading=\"lazy\" decoding=\"async\" width=\"60\" height=\"46\" src=\"https:\/\/uipba.org.ar\/raiz\/wp-content\/uploads\/2022\/03\/jovenes-y-desarrollo-territ.png\" class=\"attachment-full size-full wp-image-86\" alt=\"\" \/><\/a><\/figure><div class=\"elementor-image-box-content\"><h3 class=\"elementor-image-box-title\"><a href=\"https:\/\/uipba.org.ar\/raiz\/jovenes-y-desarrollo-territorial\/\">Jovenes y desarrollo<br> Territorial<\/a><\/h3><\/div><\/div>\t\t<\/div>\n\t\t\t\t<\/div>\n\t\t\t\t\t<\/div>\n\t\t<\/div>\n\t\t\t\t<div class=\"elementor-column elementor-col-25 elementor-inner-column elementor-element elementor-element-d0061de\" data-id=\"d0061de\" data-element_type=\"column\">\n\t\t\t<div class=\"elementor-widget-wrap elementor-element-populated\">\n\t\t\t\t\t\t\t\t<div class=\"elementor-element elementor-element-de5747f elementor-position-top elementor-vertical-align-top elementor-widget elementor-widget-image-box\" data-id=\"de5747f\" data-element_type=\"widget\" data-widget_type=\"image-box.default\">\n\t\t\t\t<div class=\"elementor-widget-container\">\n\t\t\t<div class=\"elementor-image-box-wrapper\"><figure class=\"elementor-image-box-img\"><a href=\"https:\/\/uipba.org.ar\/raiz\/formacion-e-innovacion\/\"><img loading=\"lazy\" decoding=\"async\" width=\"51\" height=\"50\" src=\"https:\/\/uipba.org.ar\/raiz\/wp-content\/uploads\/2022\/03\/formacion-e-innovacion.png\" class=\"attachment-full size-full wp-image-87\" alt=\"\" \/><\/a><\/figure><div class=\"elementor-image-box-content\"><h3 class=\"elementor-image-box-title\"><a href=\"https:\/\/uipba.org.ar\/raiz\/formacion-e-innovacion\/\">Formaci\u00f3n e <br>Innovaci\u00f3n<\/a><\/h3><\/div><\/div>\t\t<\/div>\n\t\t\t\t<\/div>\n\t\t\t\t\t<\/div>\n\t\t<\/div>\n\t\t\t\t<div class=\"elementor-column elementor-col-25 elementor-inner-column elementor-element elementor-element-539aea5\" data-id=\"539aea5\" data-element_type=\"column\">\n\t\t\t<div class=\"elementor-widget-wrap elementor-element-populated\">\n\t\t\t\t\t\t\t\t<div class=\"elementor-element elementor-element-90878b2 elementor-position-top elementor-vertical-align-top elementor-widget elementor-widget-image-box\" data-id=\"90878b2\" data-element_type=\"widget\" data-widget_type=\"image-box.default\">\n\t\t\t\t<div class=\"elementor-widget-container\">\n\t\t\t<div class=\"elementor-image-box-wrapper\"><figure class=\"elementor-image-box-img\"><a href=\"https:\/\/uipba.org.ar\/raiz\/pymi-comercio-y-financiamiento\/\"><img loading=\"lazy\" decoding=\"async\" width=\"57\" height=\"58\" src=\"https:\/\/uipba.org.ar\/raiz\/wp-content\/uploads\/2022\/03\/pymi.png\" class=\"attachment-full size-full wp-image-88\" alt=\"\" \/><\/a><\/figure><div class=\"elementor-image-box-content\"><h3 class=\"elementor-image-box-title\"><a href=\"https:\/\/uipba.org.ar\/raiz\/pymi-comercio-y-financiamiento\/\">MIPyMES, Comercio<br> y financiamiento<\/a><\/h3><\/div><\/div>\t\t<\/div>\n\t\t\t\t<\/div>\n\t\t\t\t\t<\/div>\n\t\t<\/div>\n\t\t\t\t\t\t\t<\/div>\n\t\t<\/section>\n\t\t\t\t<section class=\"elementor-section elementor-inner-section elementor-element elementor-element-feb1a87 elementor-section-boxed elementor-section-height-default elementor-section-height-default\" data-id=\"feb1a87\" data-element_type=\"section\" data-settings=\"{&quot;jet_parallax_layout_list&quot;:[]}\">\n\t\t\t\t\t\t<div class=\"elementor-container elementor-column-gap-default\">\n\t\t\t\t\t<div class=\"elementor-column elementor-col-25 elementor-inner-column elementor-element elementor-element-c37d875\" data-id=\"c37d875\" data-element_type=\"column\">\n\t\t\t<div class=\"elementor-widget-wrap elementor-element-populated\">\n\t\t\t\t\t\t\t\t<div class=\"elementor-element elementor-element-903f075 elementor-position-top elementor-vertical-align-top elementor-widget elementor-widget-image-box\" data-id=\"903f075\" data-element_type=\"widget\" data-widget_type=\"image-box.default\">\n\t\t\t\t<div class=\"elementor-widget-container\">\n\t\t\t<div class=\"elementor-image-box-wrapper\"><figure class=\"elementor-image-box-img\"><a href=\"https:\/\/uipba.org.ar\/raiz\/ambiente-y-sustentabilidad\/\"><img loading=\"lazy\" decoding=\"async\" width=\"62\" height=\"55\" src=\"https:\/\/uipba.org.ar\/raiz\/wp-content\/uploads\/2022\/03\/ambiente-y-sustentabilidad.png\" class=\"attachment-full size-full wp-image-89\" alt=\"\" \/><\/a><\/figure><div class=\"elementor-image-box-content\"><h3 class=\"elementor-image-box-title\"><a href=\"https:\/\/uipba.org.ar\/raiz\/ambiente-y-sustentabilidad\/\">Ambiente y<br> sustentabilidad<\/a><\/h3><\/div><\/div>\t\t<\/div>\n\t\t\t\t<\/div>\n\t\t\t\t\t<\/div>\n\t\t<\/div>\n\t\t\t\t<div class=\"elementor-column elementor-col-25 elementor-inner-column elementor-element elementor-element-a7aecde\" data-id=\"a7aecde\" data-element_type=\"column\">\n\t\t\t<div class=\"elementor-widget-wrap\">\n\t\t\t\t\t\t\t\t\t<\/div>\n\t\t<\/div>\n\t\t\t\t<div class=\"elementor-column elementor-col-25 elementor-inner-column elementor-element elementor-element-33d177a\" data-id=\"33d177a\" data-element_type=\"column\">\n\t\t\t<div class=\"elementor-widget-wrap\">\n\t\t\t\t\t\t\t\t\t<\/div>\n\t\t<\/div>\n\t\t\t\t<div class=\"elementor-column elementor-col-25 elementor-inner-column elementor-element elementor-element-bc5012e\" data-id=\"bc5012e\" data-element_type=\"column\">\n\t\t\t<div class=\"elementor-widget-wrap\">\n\t\t\t\t\t\t\t\t\t<\/div>\n\t\t<\/div>\n\t\t\t\t\t\t\t<\/div>\n\t\t<\/section>\n\t\t\t\t\t<\/div>\n\t\t<\/div>\n\t\t\t\t\t\t\t<\/div>\n\t\t<\/section>\n\t\t\t\t\t\t\t<\/div>\n\t\t","protected":false},"excerpt":{"rendered":"<p>Departamentos t\u00e9cnicos Infraestructura y parques industriales MujeresEmpresarias Comercio Exterior Legislaci\u00f3n y pol\u00edtica productiva Pol\u00edtica tributaria Jovenes y desarrollo Territorial Formaci\u00f3n e Innovaci\u00f3n MIPyMES, Comercio y financiamiento Ambiente y sustentabilidad<\/p>\n","protected":false},"author":1,"featured_media":0,"parent":0,"menu_order":0,"comment_status":"closed","ping_status":"closed","template":"elementor_header_footer","meta":{"_acf_changed":false,"footnotes":""},"class_list":["post-151","page","type-page","status-publish"],"acf":[],"yoast_head":"<!-- This site is optimized with the Yoast SEO plugin v25.2 - https:\/\/yoast.com\/wordpress\/plugins\/seo\/ -->\n<title>Departamentos - UIPBA<\/title>\n<meta name=\"robots\" content=\"index, follow, max-snippet:-1, max-image-preview:large, max-video-preview:-1\" \/>\n<link rel=\"canonical\" href=\"https:\/\/uipba.org.ar\/raiz\/departamentos\/\" \/>\n<meta property=\"og:locale\" content=\"es_ES\" \/>\n<meta property=\"og:type\" content=\"article\" \/>\n<meta property=\"og:title\" content=\"Departamentos - UIPBA\" \/>\n<meta property=\"og:description\" content=\"Departamentos t\u00e9cnicos Infraestructura y parques industriales MujeresEmpresarias Comercio Exterior Legislaci\u00f3n y pol\u00edtica productiva Pol\u00edtica tributaria Jovenes y desarrollo Territorial Formaci\u00f3n e Innovaci\u00f3n MIPyMES, Comercio y financiamiento Ambiente y sustentabilidad\" \/>\n<meta property=\"og:url\" content=\"https:\/\/uipba.org.ar\/raiz\/departamentos\/\" \/>\n<meta property=\"og:site_name\" content=\"UIPBA\" \/>\n<meta property=\"article:modified_time\" content=\"2025-10-08T15:21:42+00:00\" \/>\n<meta property=\"og:image\" content=\"https:\/\/uipba.org.ar\/raiz\/wp-content\/uploads\/2022\/03\/infraestructura-y-parques-indus.png\" \/>\n\t<meta property=\"og:image:width\" content=\"58\" \/>\n\t<meta property=\"og:image:height\" content=\"49\" \/>\n\t<meta property=\"og:image:type\" content=\"image\/png\" \/>\n<meta name=\"twitter:card\" content=\"summary_large_image\" \/>\n<meta name=\"twitter:label1\" content=\"Tiempo de lectura\" \/>\n\t<meta name=\"twitter:data1\" content=\"2 minutos\" \/>\n<script type=\"application\/ld+json\" class=\"yoast-schema-graph\">{\"@context\":\"https:\/\/schema.org\",\"@graph\":[{\"@type\":\"WebPage\",\"@id\":\"https:\/\/uipba.org.ar\/raiz\/departamentos\/\",\"url\":\"https:\/\/uipba.org.ar\/raiz\/departamentos\/\",\"name\":\"Departamentos - UIPBA\",\"isPartOf\":{\"@id\":\"https:\/\/uipba.org.ar\/raiz\/#website\"},\"primaryImageOfPage\":{\"@id\":\"https:\/\/uipba.org.ar\/raiz\/departamentos\/#primaryimage\"},\"image\":{\"@id\":\"https:\/\/uipba.org.ar\/raiz\/departamentos\/#primaryimage\"},\"thumbnailUrl\":\"https:\/\/uipba.org.ar\/raiz\/wp-content\/uploads\/2022\/03\/infraestructura-y-parques-indus.png\",\"datePublished\":\"2022-03-16T05:39:00+00:00\",\"dateModified\":\"2025-10-08T15:21:42+00:00\",\"breadcrumb\":{\"@id\":\"https:\/\/uipba.org.ar\/raiz\/departamentos\/#breadcrumb\"},\"inLanguage\":\"es\",\"potentialAction\":[{\"@type\":\"ReadAction\",\"target\":[\"https:\/\/uipba.org.ar\/raiz\/departamentos\/\"]}]},{\"@type\":\"ImageObject\",\"inLanguage\":\"es\",\"@id\":\"https:\/\/uipba.org.ar\/raiz\/departamentos\/#primaryimage\",\"url\":\"https:\/\/uipba.org.ar\/raiz\/wp-content\/uploads\/2022\/03\/infraestructura-y-parques-indus.png\",\"contentUrl\":\"https:\/\/uipba.org.ar\/raiz\/wp-content\/uploads\/2022\/03\/infraestructura-y-parques-indus.png\",\"width\":58,\"height\":49},{\"@type\":\"BreadcrumbList\",\"@id\":\"https:\/\/uipba.org.ar\/raiz\/departamentos\/#breadcrumb\",\"itemListElement\":[{\"@type\":\"ListItem\",\"position\":1,\"name\":\"Inicio\",\"item\":\"https:\/\/uipba.org.ar\/raiz\/\"},{\"@type\":\"ListItem\",\"position\":2,\"name\":\"Departamentos\"}]},{\"@type\":\"WebSite\",\"@id\":\"https:\/\/uipba.org.ar\/raiz\/#website\",\"url\":\"https:\/\/uipba.org.ar\/raiz\/\",\"name\":\"UIPBA\",\"description\":\"Uni\u00f3n industrial de la provincia de Buenos Aires\",\"potentialAction\":[{\"@type\":\"SearchAction\",\"target\":{\"@type\":\"EntryPoint\",\"urlTemplate\":\"https:\/\/uipba.org.ar\/raiz\/?s={search_term_string}\"},\"query-input\":{\"@type\":\"PropertyValueSpecification\",\"valueRequired\":true,\"valueName\":\"search_term_string\"}}],\"inLanguage\":\"es\"}]}<\/script>\n<!-- \/ Yoast SEO plugin. -->","yoast_head_json":{"title":"Departamentos - UIPBA","robots":{"index":"index","follow":"follow","max-snippet":"max-snippet:-1","max-image-preview":"max-image-preview:large","max-video-preview":"max-video-preview:-1"},"canonical":"https:\/\/uipba.org.ar\/raiz\/departamentos\/","og_locale":"es_ES","og_type":"article","og_title":"Departamentos - UIPBA","og_description":"Departamentos t\u00e9cnicos Infraestructura y parques industriales MujeresEmpresarias Comercio Exterior Legislaci\u00f3n y pol\u00edtica productiva Pol\u00edtica tributaria Jovenes y desarrollo Territorial Formaci\u00f3n e Innovaci\u00f3n MIPyMES, Comercio y financiamiento Ambiente y sustentabilidad","og_url":"https:\/\/uipba.org.ar\/raiz\/departamentos\/","og_site_name":"UIPBA","article_modified_time":"2025-10-08T15:21:42+00:00","og_image":[{"width":58,"height":49,"url":"https:\/\/uipba.org.ar\/raiz\/wp-content\/uploads\/2022\/03\/infraestructura-y-parques-indus.png","type":"image\/png"}],"twitter_card":"summary_large_image","twitter_misc":{"Tiempo de lectura":"2 minutos"},"schema":{"@context":"https:\/\/schema.org","@graph":[{"@type":"WebPage","@id":"https:\/\/uipba.org.ar\/raiz\/departamentos\/","url":"https:\/\/uipba.org.ar\/raiz\/departamentos\/","name":"Departamentos - UIPBA","isPartOf":{"@id":"https:\/\/uipba.org.ar\/raiz\/#website"},"primaryImageOfPage":{"@id":"https:\/\/uipba.org.ar\/raiz\/departamentos\/#primaryimage"},"image":{"@id":"https:\/\/uipba.org.ar\/raiz\/departamentos\/#primaryimage"},"thumbnailUrl":"https:\/\/uipba.org.ar\/raiz\/wp-content\/uploads\/2022\/03\/infraestructura-y-parques-indus.png","datePublished":"2022-03-16T05:39:00+00:00","dateModified":"2025-10-08T15:21:42+00:00","breadcrumb":{"@id":"https:\/\/uipba.org.ar\/raiz\/departamentos\/#breadcrumb"},"inLanguage":"es","potentialAction":[{"@type":"ReadAction","target":["https:\/\/uipba.org.ar\/raiz\/departamentos\/"]}]},{"@type":"ImageObject","inLanguage":"es","@id":"https:\/\/uipba.org.ar\/raiz\/departamentos\/#primaryimage","url":"https:\/\/uipba.org.ar\/raiz\/wp-content\/uploads\/2022\/03\/infraestructura-y-parques-indus.png","contentUrl":"https:\/\/uipba.org.ar\/raiz\/wp-content\/uploads\/2022\/03\/infraestructura-y-parques-indus.png","width":58,"height":49},{"@type":"BreadcrumbList","@id":"https:\/\/uipba.org.ar\/raiz\/departamentos\/#breadcrumb","itemListElement":[{"@type":"ListItem","position":1,"name":"Inicio","item":"https:\/\/uipba.org.ar\/raiz\/"},{"@type":"ListItem","position":2,"name":"Departamentos"}]},{"@type":"WebSite","@id":"https:\/\/uipba.org.ar\/raiz\/#website","url":"https:\/\/uipba.org.ar\/raiz\/","name":"UIPBA","description":"Uni\u00f3n industrial de la provincia de Buenos Aires","potentialAction":[{"@type":"SearchAction","target":{"@type":"EntryPoint","urlTemplate":"https:\/\/uipba.org.ar\/raiz\/?s={search_term_string}"},"query-input":{"@type":"PropertyValueSpecification","valueRequired":true,"valueName":"search_term_string"}}],"inLanguage":"es"}]}},"_links":{"self":[{"href":"https:\/\/uipba.org.ar\/raiz\/wp-json\/wp\/v2\/pages\/151","targetHints":{"allow":["GET"]}}],"collection":[{"href":"https:\/\/uipba.org.ar\/raiz\/wp-json\/wp\/v2\/pages"}],"about":[{"href":"https:\/\/uipba.org.ar\/raiz\/wp-json\/wp\/v2\/types\/page"}],"author":[{"embeddable":true,"href":"https:\/\/uipba.org.ar\/raiz\/wp-json\/wp\/v2\/users\/1"}],"replies":[{"embeddable":true,"href":"https:\/\/uipba.org.ar\/raiz\/wp-json\/wp\/v2\/comments?post=151"}],"version-history":[{"count":28,"href":"https:\/\/uipba.org.ar\/raiz\/wp-json\/wp\/v2\/pages\/151\/revisions"}],"predecessor-version":[{"id":2711,"href":"https:\/\/uipba.org.ar\/raiz\/wp-json\/wp\/v2\/pages\/151\/revisions\/2711"}],"wp:attachment":[{"href":"https:\/\/uipba.org.ar\/raiz\/wp-json\/wp\/v2\/media?parent=151"}],"curies":[{"name":"wp","href":"https:\/\/api.w.org\/{rel}","templated":true}]}}